{"id":192,"date":"2021-02-01T19:00:20","date_gmt":"2021-02-01T19:00:20","guid":{"rendered":"http:\/\/kommugraphy.gaeckler.at\/?page_id=192"},"modified":"2024-05-31T12:41:39","modified_gmt":"2024-05-31T12:41:39","slug":"berliner-impressionen","status":"publish","type":"page","link":"https:\/\/kommugraphy.gaeckler.at\/?page_id=192","title":{"rendered":"Berliner Impressionen"},"content":{"rendered":"\n<figure class=\"wp-block-image size-large\"><img loading=\"lazy\" decoding=\"async\" width=\"1020\" height=\"717\" src=\"http:\/\/kommugraphy.gaeckler.at\/wp-content\/uploads\/2021\/02\/2-Passanten-a-d-Bruecke.jpg\" alt=\"\" class=\"wp-image-193\" srcset=\"https:\/\/kommugraphy.gaeckler.at\/wp-content\/uploads\/2021\/02\/2-Passanten-a-d-Bruecke.jpg 1020w, https:\/\/kommugraphy.gaeckler.at\/wp-content\/uploads\/2021\/02\/2-Passanten-a-d-Bruecke-300x211.jpg 300w, https:\/\/kommugraphy.gaeckler.at\/wp-content\/uploads\/2021\/02\/2-Passanten-a-d-Bruecke-768x540.jpg 768w\" sizes=\"auto, (max-width: 1020px) 100vw, 1020px\" \/><figcaption class=\"wp-element-caption\">Spree \u00fcberqueren auf der Br\u00fccke; Berlin-Mitte, Karl-Liebknecht-Stra\u00dfe<\/figcaption><\/figure>\n\n\n\n<figure class=\"wp-block-image size-large\"><img loading=\"lazy\" decoding=\"async\" width=\"1020\" height=\"743\" src=\"http:\/\/kommugraphy.gaeckler.at\/wp-content\/uploads\/2021\/02\/Hiroschimabruecke.jpg\" alt=\"\" class=\"wp-image-208\" srcset=\"https:\/\/kommugraphy.gaeckler.at\/wp-content\/uploads\/2021\/02\/Hiroschimabruecke.jpg 1020w, https:\/\/kommugraphy.gaeckler.at\/wp-content\/uploads\/2021\/02\/Hiroschimabruecke-300x219.jpg 300w, https:\/\/kommugraphy.gaeckler.at\/wp-content\/uploads\/2021\/02\/Hiroschimabruecke-768x559.jpg 768w\" sizes=\"auto, (max-width: 1020px) 100vw, 1020px\" \/><figcaption class=\"wp-element-caption\">Hiroschimabr\u00fccke \u00fcber den Landwehrkanal; Berlin-Tiergarten<\/figcaption><\/figure>\n\n\n\n<figure class=\"wp-block-image size-large\"><img loading=\"lazy\" decoding=\"async\" width=\"1020\" height=\"765\" src=\"http:\/\/kommugraphy.gaeckler.at\/wp-content\/uploads\/2021\/02\/Maenner-m-Hund-a-d-Spree.jpg\" alt=\"\" class=\"wp-image-194\" srcset=\"https:\/\/kommugraphy.gaeckler.at\/wp-content\/uploads\/2021\/02\/Maenner-m-Hund-a-d-Spree.jpg 1020w, https:\/\/kommugraphy.gaeckler.at\/wp-content\/uploads\/2021\/02\/Maenner-m-Hund-a-d-Spree-300x225.jpg 300w, https:\/\/kommugraphy.gaeckler.at\/wp-content\/uploads\/2021\/02\/Maenner-m-Hund-a-d-Spree-768x576.jpg 768w\" sizes=\"auto, (max-width: 1020px) 100vw, 1020px\" \/><figcaption class=\"wp-element-caption\">Am Spreeufer mit Hund;  Berlin-Mitte; James Simon Park<\/figcaption><\/figure>\n\n\n\n<figure class=\"wp-block-image size-large\"><img loading=\"lazy\" decoding=\"async\" width=\"1020\" height=\"765\" src=\"http:\/\/kommugraphy.gaeckler.at\/wp-content\/uploads\/2021\/02\/Junge-a-d-Sree.jpg\" alt=\"\" class=\"wp-image-195\" srcset=\"https:\/\/kommugraphy.gaeckler.at\/wp-content\/uploads\/2021\/02\/Junge-a-d-Sree.jpg 1020w, https:\/\/kommugraphy.gaeckler.at\/wp-content\/uploads\/2021\/02\/Junge-a-d-Sree-300x225.jpg 300w, https:\/\/kommugraphy.gaeckler.at\/wp-content\/uploads\/2021\/02\/Junge-a-d-Sree-768x576.jpg 768w\" sizes=\"auto, (max-width: 1020px) 100vw, 1020px\" \/><figcaption class=\"wp-element-caption\">Dampfer beobachten an der Spree; Berlin-Mitte, James Simon Park<\/figcaption><\/figure>\n\n\n\n<figure class=\"wp-block-image size-large\"><img loading=\"lazy\" decoding=\"async\" width=\"1024\" height=\"767\" src=\"http:\/\/kommugraphy.gaeckler.at\/wp-content\/uploads\/2021\/02\/Bruecke-Kanzleramt-1024x767.jpg\" alt=\"\" class=\"wp-image-196\" srcset=\"https:\/\/kommugraphy.gaeckler.at\/wp-content\/uploads\/2021\/02\/Bruecke-Kanzleramt-1024x767.jpg 1024w, https:\/\/kommugraphy.gaeckler.at\/wp-content\/uploads\/2021\/02\/Bruecke-Kanzleramt-300x225.jpg 300w, https:\/\/kommugraphy.gaeckler.at\/wp-content\/uploads\/2021\/02\/Bruecke-Kanzleramt-768x575.jpg 768w, https:\/\/kommugraphy.gaeckler.at\/wp-content\/uploads\/2021\/02\/Bruecke-Kanzleramt-1536x1151.jpg 1536w, https:\/\/kommugraphy.gaeckler.at\/wp-content\/uploads\/2021\/02\/Bruecke-Kanzleramt-2048x1535.jpg 2048w\" sizes=\"auto, (max-width: 1024px) 100vw, 1024px\" \/><figcaption class=\"wp-element-caption\">Kanzleramt; Berlin-Mitte<\/figcaption><\/figure>\n\n\n\n<figure class=\"wp-block-image size-large\"><img loading=\"lazy\" decoding=\"async\" width=\"768\" height=\"1024\" src=\"http:\/\/kommugraphy.gaeckler.at\/wp-content\/uploads\/2021\/02\/DtDom_Gendarmenmarkt-768x1024.jpg\" alt=\"\" class=\"wp-image-197\" srcset=\"https:\/\/kommugraphy.gaeckler.at\/wp-content\/uploads\/2021\/02\/DtDom_Gendarmenmarkt-768x1024.jpg 768w, https:\/\/kommugraphy.gaeckler.at\/wp-content\/uploads\/2021\/02\/DtDom_Gendarmenmarkt-225x300.jpg 225w, https:\/\/kommugraphy.gaeckler.at\/wp-content\/uploads\/2021\/02\/DtDom_Gendarmenmarkt.jpg 1020w\" sizes=\"auto, (max-width: 768px) 100vw, 768px\" \/><figcaption class=\"wp-element-caption\">Gendarmenmarkt zum Lichterfest 2019; Berlin-Mitte<\/figcaption><\/figure>\n\n\n\n<figure class=\"wp-block-image size-large\"><img loading=\"lazy\" decoding=\"async\" width=\"1020\" height=\"679\" src=\"http:\/\/kommugraphy.gaeckler.at\/wp-content\/uploads\/2021\/02\/Maedchen-a-d-Mauer.jpg\" alt=\"\" class=\"wp-image-198\" srcset=\"https:\/\/kommugraphy.gaeckler.at\/wp-content\/uploads\/2021\/02\/Maedchen-a-d-Mauer.jpg 1020w, https:\/\/kommugraphy.gaeckler.at\/wp-content\/uploads\/2021\/02\/Maedchen-a-d-Mauer-300x200.jpg 300w, https:\/\/kommugraphy.gaeckler.at\/wp-content\/uploads\/2021\/02\/Maedchen-a-d-Mauer-768x511.jpg 768w\" sizes=\"auto, (max-width: 1020px) 100vw, 1020px\" \/><figcaption class=\"wp-element-caption\">Sonne genie\u00dfen an der Spree; Berlin-Kreuzberg<\/figcaption><\/figure>\n\n\n\n<figure class=\"wp-block-image size-large\"><img loading=\"lazy\" decoding=\"async\" width=\"1020\" height=\"680\" src=\"http:\/\/kommugraphy.gaeckler.at\/wp-content\/uploads\/2021\/02\/Mann-a-Parkbank.jpg\" alt=\"\" class=\"wp-image-199\" srcset=\"https:\/\/kommugraphy.gaeckler.at\/wp-content\/uploads\/2021\/02\/Mann-a-Parkbank.jpg 1020w, https:\/\/kommugraphy.gaeckler.at\/wp-content\/uploads\/2021\/02\/Mann-a-Parkbank-300x200.jpg 300w, https:\/\/kommugraphy.gaeckler.at\/wp-content\/uploads\/2021\/02\/Mann-a-Parkbank-768x512.jpg 768w\" sizes=\"auto, (max-width: 1020px) 100vw, 1020px\" \/><figcaption class=\"wp-element-caption\">Fahrradpause im Volkspark Sch\u00f6neberg-Wilmersdorf<\/figcaption><\/figure>\n\n\n\n<figure class=\"wp-block-gallery aligncenter has-nested-images columns-default is-cropped wp-block-gallery-1 is-layout-flex wp-block-gallery-is-layout-flex\">\n<figure class=\"wp-block-image size-large\"><img loading=\"lazy\" decoding=\"async\" width=\"955\" height=\"1024\" data-id=\"200\" src=\"https:\/\/kommugraphy.gaeckler.at\/wp-content\/uploads\/2021\/02\/Mauerlauf_Mann-2-955x1024.jpg\" alt=\"\" class=\"wp-image-200\" srcset=\"https:\/\/kommugraphy.gaeckler.at\/wp-content\/uploads\/2021\/02\/Mauerlauf_Mann-2-955x1024.jpg 955w, https:\/\/kommugraphy.gaeckler.at\/wp-content\/uploads\/2021\/02\/Mauerlauf_Mann-2-280x300.jpg 280w, https:\/\/kommugraphy.gaeckler.at\/wp-content\/uploads\/2021\/02\/Mauerlauf_Mann-2-768x824.jpg 768w, https:\/\/kommugraphy.gaeckler.at\/wp-content\/uploads\/2021\/02\/Mauerlauf_Mann-2.jpg 1020w\" sizes=\"auto, (max-width: 955px) 100vw, 955px\" \/><\/figure>\n\n\n\n<figure class=\"wp-block-image size-large\"><img loading=\"lazy\" decoding=\"async\" width=\"1020\" height=\"765\" data-id=\"201\" src=\"https:\/\/kommugraphy.gaeckler.at\/wp-content\/uploads\/2021\/02\/Mauerlaeufer_Mann.jpg\" alt=\"\" class=\"wp-image-201\" srcset=\"https:\/\/kommugraphy.gaeckler.at\/wp-content\/uploads\/2021\/02\/Mauerlaeufer_Mann.jpg 1020w, https:\/\/kommugraphy.gaeckler.at\/wp-content\/uploads\/2021\/02\/Mauerlaeufer_Mann-300x225.jpg 300w, https:\/\/kommugraphy.gaeckler.at\/wp-content\/uploads\/2021\/02\/Mauerlaeufer_Mann-768x576.jpg 768w\" sizes=\"auto, (max-width: 1020px) 100vw, 1020px\" \/><\/figure>\n\n\n\n<figure class=\"wp-block-image size-large\"><img loading=\"lazy\" decoding=\"async\" width=\"1020\" height=\"656\" data-id=\"202\" src=\"https:\/\/kommugraphy.gaeckler.at\/wp-content\/uploads\/2021\/02\/Mauerlauf_Maedchen.jpg\" alt=\"\" class=\"wp-image-202\" srcset=\"https:\/\/kommugraphy.gaeckler.at\/wp-content\/uploads\/2021\/02\/Mauerlauf_Maedchen.jpg 1020w, https:\/\/kommugraphy.gaeckler.at\/wp-content\/uploads\/2021\/02\/Mauerlauf_Maedchen-300x193.jpg 300w, https:\/\/kommugraphy.gaeckler.at\/wp-content\/uploads\/2021\/02\/Mauerlauf_Maedchen-768x494.jpg 768w\" sizes=\"auto, (max-width: 1020px) 100vw, 1020px\" \/><\/figure>\n<figcaption class=\"blocks-gallery-caption wp-element-caption\">Grenzl\u00e4ufer in Berlin-Neuk\u00f6lln-Treptow<\/figcaption><\/figure>\n\n\n\n<figure class=\"wp-block-image size-large\"><img loading=\"lazy\" decoding=\"async\" width=\"1020\" height=\"765\" src=\"http:\/\/kommugraphy.gaeckler.at\/wp-content\/uploads\/2021\/02\/Schach-i-Goerli.jpg\" alt=\"\" class=\"wp-image-210\" srcset=\"https:\/\/kommugraphy.gaeckler.at\/wp-content\/uploads\/2021\/02\/Schach-i-Goerli.jpg 1020w, https:\/\/kommugraphy.gaeckler.at\/wp-content\/uploads\/2021\/02\/Schach-i-Goerli-300x225.jpg 300w, https:\/\/kommugraphy.gaeckler.at\/wp-content\/uploads\/2021\/02\/Schach-i-Goerli-768x576.jpg 768w\" sizes=\"auto, (max-width: 1020px) 100vw, 1020px\" \/><figcaption class=\"wp-element-caption\">Schachspiel im G\u00f6rli<\/figcaption><\/figure>\n\n\n\n<figure class=\"wp-block-image size-large\"><img loading=\"lazy\" decoding=\"async\" width=\"1024\" height=\"683\" src=\"http:\/\/kommugraphy.gaeckler.at\/wp-content\/uploads\/2021\/02\/Mond-u-weisse-Siedlung-1024x683.jpg\" alt=\"\" class=\"wp-image-229\" srcset=\"https:\/\/kommugraphy.gaeckler.at\/wp-content\/uploads\/2021\/02\/Mond-u-weisse-Siedlung-1024x683.jpg 1024w, https:\/\/kommugraphy.gaeckler.at\/wp-content\/uploads\/2021\/02\/Mond-u-weisse-Siedlung-300x200.jpg 300w, https:\/\/kommugraphy.gaeckler.at\/wp-content\/uploads\/2021\/02\/Mond-u-weisse-Siedlung-768x512.jpg 768w, https:\/\/kommugraphy.gaeckler.at\/wp-content\/uploads\/2021\/02\/Mond-u-weisse-Siedlung.jpg 1050w\" sizes=\"auto, (max-width: 1024px) 100vw, 1024px\" \/><figcaption class=\"wp-element-caption\">Wei\u00dfe Siedlung in Berlin-Neuk\u00f6lln<\/figcaption><\/figure>\n\n\n\n<figure class=\"wp-block-image size-large\"><img loading=\"lazy\" decoding=\"async\" width=\"1024\" height=\"683\" src=\"http:\/\/kommugraphy.gaeckler.at\/wp-content\/uploads\/2021\/02\/DSC00147_1-1024x683.jpg\" alt=\"\" class=\"wp-image-249\" srcset=\"https:\/\/kommugraphy.gaeckler.at\/wp-content\/uploads\/2021\/02\/DSC00147_1-1024x683.jpg 1024w, https:\/\/kommugraphy.gaeckler.at\/wp-content\/uploads\/2021\/02\/DSC00147_1-300x200.jpg 300w, https:\/\/kommugraphy.gaeckler.at\/wp-content\/uploads\/2021\/02\/DSC00147_1-768x512.jpg 768w, https:\/\/kommugraphy.gaeckler.at\/wp-content\/uploads\/2021\/02\/DSC00147_1.jpg 1050w\" sizes=\"auto, (max-width: 1024px) 100vw, 1024px\" \/><figcaption class=\"wp-element-caption\">Fahrradpause 2 im Volkspark Sch\u00f6neberg-Wilmersdorf<\/figcaption><\/figure>\n\n\n\n<figure class=\"wp-block-image size-large\"><img loading=\"lazy\" decoding=\"async\" width=\"1020\" height=\"765\" src=\"http:\/\/kommugraphy.gaeckler.at\/wp-content\/uploads\/2021\/02\/auf-d-Langenscheidbruecke.jpg\" alt=\"\" class=\"wp-image-250\" srcset=\"https:\/\/kommugraphy.gaeckler.at\/wp-content\/uploads\/2021\/02\/auf-d-Langenscheidbruecke.jpg 1020w, https:\/\/kommugraphy.gaeckler.at\/wp-content\/uploads\/2021\/02\/auf-d-Langenscheidbruecke-300x225.jpg 300w, https:\/\/kommugraphy.gaeckler.at\/wp-content\/uploads\/2021\/02\/auf-d-Langenscheidbruecke-768x576.jpg 768w\" sizes=\"auto, (max-width: 1020px) 100vw, 1020px\" \/><figcaption class=\"wp-element-caption\">Langenscheidbr\u00fccke<\/figcaption><\/figure>\n\n\n\n<figure class=\"wp-block-gallery has-nested-images columns-default is-cropped wp-block-gallery-2 is-layout-flex wp-block-gallery-is-layout-flex\">\n<figure class=\"wp-block-image size-large\"><img loading=\"lazy\" decoding=\"async\" width=\"500\" height=\"847\" data-id=\"261\" src=\"https:\/\/kommugraphy.gaeckler.at\/wp-content\/uploads\/2021\/02\/P1150274_1_72dpi.jpg\" alt=\"\" class=\"wp-image-261\" srcset=\"https:\/\/kommugraphy.gaeckler.at\/wp-content\/uploads\/2021\/02\/P1150274_1_72dpi.jpg 500w, https:\/\/kommugraphy.gaeckler.at\/wp-content\/uploads\/2021\/02\/P1150274_1_72dpi-177x300.jpg 177w\" sizes=\"auto, (max-width: 500px) 100vw, 500px\" \/><figcaption class=\"wp-element-caption\">Berliner Mauer Gedenkstein<\/figcaption><\/figure>\n\n\n\n<figure class=\"wp-block-image size-large\"><img loading=\"lazy\" decoding=\"async\" width=\"712\" height=\"1024\" data-id=\"272\" src=\"https:\/\/kommugraphy.gaeckler.at\/wp-content\/uploads\/2021\/02\/DSC00266_2-712x1024.jpg\" alt=\"\" class=\"wp-image-272\" srcset=\"https:\/\/kommugraphy.gaeckler.at\/wp-content\/uploads\/2021\/02\/DSC00266_2-712x1024.jpg 712w, https:\/\/kommugraphy.gaeckler.at\/wp-content\/uploads\/2021\/02\/DSC00266_2-209x300.jpg 209w, https:\/\/kommugraphy.gaeckler.at\/wp-content\/uploads\/2021\/02\/DSC00266_2-768x1104.jpg 768w, https:\/\/kommugraphy.gaeckler.at\/wp-content\/uploads\/2021\/02\/DSC00266_2-1068x1536.jpg 1068w, https:\/\/kommugraphy.gaeckler.at\/wp-content\/uploads\/2021\/02\/DSC00266_2-1424x2048.jpg 1424w, https:\/\/kommugraphy.gaeckler.at\/wp-content\/uploads\/2021\/02\/DSC00266_2-scaled.jpg 1780w\" sizes=\"auto, (max-width: 712px) 100vw, 712px\" \/><figcaption class=\"wp-element-caption\">Marriott Hotel am Potsdamer Platz<\/figcaption><\/figure>\n<\/figure>\n\n\n\n<figure class=\"wp-block-image size-large\"><img loading=\"lazy\" decoding=\"async\" width=\"1024\" height=\"768\" src=\"http:\/\/kommugraphy.gaeckler.at\/wp-content\/uploads\/2021\/02\/P1170533_1-1024x768.jpg\" alt=\"\" class=\"wp-image-264\" srcset=\"https:\/\/kommugraphy.gaeckler.at\/wp-content\/uploads\/2021\/02\/P1170533_1-1024x768.jpg 1024w, https:\/\/kommugraphy.gaeckler.at\/wp-content\/uploads\/2021\/02\/P1170533_1-300x225.jpg 300w, https:\/\/kommugraphy.gaeckler.at\/wp-content\/uploads\/2021\/02\/P1170533_1-768x576.jpg 768w, https:\/\/kommugraphy.gaeckler.at\/wp-content\/uploads\/2021\/02\/P1170533_1.jpg 1050w\" sizes=\"auto, (max-width: 1024px) 100vw, 1024px\" \/><figcaption class=\"wp-element-caption\">Ampelmann im James-Simon-Park Berlin-Mitte<\/figcaption><\/figure>\n\n\n\n<figure class=\"wp-block-image size-large\"><img loading=\"lazy\" decoding=\"async\" width=\"1024\" height=\"683\" src=\"http:\/\/kommugraphy.gaeckler.at\/wp-content\/uploads\/2021\/02\/DSC00215_1-1024x683.jpg\" alt=\"\" class=\"wp-image-266\" srcset=\"https:\/\/kommugraphy.gaeckler.at\/wp-content\/uploads\/2021\/02\/DSC00215_1-1024x683.jpg 1024w, https:\/\/kommugraphy.gaeckler.at\/wp-content\/uploads\/2021\/02\/DSC00215_1-300x200.jpg 300w, https:\/\/kommugraphy.gaeckler.at\/wp-content\/uploads\/2021\/02\/DSC00215_1-768x512.jpg 768w, https:\/\/kommugraphy.gaeckler.at\/wp-content\/uploads\/2021\/02\/DSC00215_1.jpg 1050w\" sizes=\"auto, (max-width: 1024px) 100vw, 1024px\" \/><figcaption class=\"wp-element-caption\">Rixbox am Alfred-Scholz-Platz Berlin-Neuk\u00f6lln<\/figcaption><\/figure>\n\n\n\n<figure class=\"wp-block-image size-large\"><img loading=\"lazy\" decoding=\"async\" width=\"1024\" height=\"683\" src=\"http:\/\/kommugraphy.gaeckler.at\/wp-content\/uploads\/2021\/02\/DSC00233-1024x683.jpg\" alt=\"\" class=\"wp-image-268\" srcset=\"https:\/\/kommugraphy.gaeckler.at\/wp-content\/uploads\/2021\/02\/DSC00233-1024x683.jpg 1024w, https:\/\/kommugraphy.gaeckler.at\/wp-content\/uploads\/2021\/02\/DSC00233-300x200.jpg 300w, https:\/\/kommugraphy.gaeckler.at\/wp-content\/uploads\/2021\/02\/DSC00233-768x512.jpg 768w, https:\/\/kommugraphy.gaeckler.at\/wp-content\/uploads\/2021\/02\/DSC00233.jpg 1050w\" sizes=\"auto, (max-width: 1024px) 100vw, 1024px\" \/><figcaption class=\"wp-element-caption\">Schippern auf dem Neuk\u00f6llner Schifffahrtskanal<\/figcaption><\/figure>\n","protected":false},"excerpt":{"rendered":"","protected":false},"author":2,"featured_media":186,"parent":0,"menu_order":0,"comment_status":"open","ping_status":"closed","template":"","meta":{"footnotes":""},"class_list":["post-192","page","type-page","status-publish","has-post-thumbnail","hentry"],"_links":{"self":[{"href":"https:\/\/kommugraphy.gaeckler.at\/index.php?rest_route=\/wp\/v2\/pages\/192","targetHints":{"allow":["GET"]}}],"collection":[{"href":"https:\/\/kommugraphy.gaeckler.at\/index.php?rest_route=\/wp\/v2\/pages"}],"about":[{"href":"https:\/\/kommugraphy.gaeckler.at\/index.php?rest_route=\/wp\/v2\/types\/page"}],"author":[{"embeddable":true,"href":"https:\/\/kommugraphy.gaeckler.at\/index.php?rest_route=\/wp\/v2\/users\/2"}],"replies":[{"embeddable":true,"href":"https:\/\/kommugraphy.gaeckler.at\/index.php?rest_route=%2Fwp%2Fv2%2Fcomments&post=192"}],"version-history":[{"count":12,"href":"https:\/\/kommugraphy.gaeckler.at\/index.php?rest_route=\/wp\/v2\/pages\/192\/revisions"}],"predecessor-version":[{"id":479,"href":"https:\/\/kommugraphy.gaeckler.at\/index.php?rest_route=\/wp\/v2\/pages\/192\/revisions\/479"}],"wp:featuredmedia":[{"embeddable":true,"href":"https:\/\/kommugraphy.gaeckler.at\/index.php?rest_route=\/wp\/v2\/media\/186"}],"wp:attachment":[{"href":"https:\/\/kommugraphy.gaeckler.at\/index.php?rest_route=%2Fwp%2Fv2%2Fmedia&parent=192"}],"curies":[{"name":"wp","href":"https:\/\/api.w.org\/{rel}","templated":true}]}}